{"id":13145,"date":"2017-04-17T13:42:45","date_gmt":"2017-04-17T13:42:45","guid":{"rendered":"https:\/\/www.laramblaserveisfuneraris.com\/?page_id=13145\/"},"modified":"2017-05-01T13:43:49","modified_gmt":"2017-05-01T13:43:49","slug":"asesoramiento-hereditario","status":"publish","type":"page","link":"https:\/\/www.funerarialarambla.com\/es\/asesoramiento-hereditario\/","title":{"rendered":"Asesoramiento Heriditario"},"content":{"rendered":"<p><div class=\"fusion-fullwidth fullwidth-box fusion-builder-row-1 fusion-parallax-none nonhundred-percent-fullwidth non-hundred-percent-height-scrolling\" style=\"--awb-border-radius-top-left:0px;--awb-border-radius-top-right:0px;--awb-border-radius-bottom-right:0px;--awb-border-radius-bottom-left:0px;--awb-padding-top:20px;--awb-padding-bottom:20px;--awb-background-image:url(&quot;https:\/\/www.laramblaserveisfuneraris.com\/wp-content\/uploads\/2017\/04\/Fondo-LaRambla.png&quot;);--awb-background-size:cover;--awb-flex-wrap:wrap;\" ><div class=\"fusion-builder-row fusion-row\"><div class=\"fusion-layout-column fusion_builder_column fusion-builder-column-0 fusion_builder_column_1_1 1_1 fusion-one-full fusion-column-first fusion-column-last\" style=\"--awb-bg-size:cover;\"><div class=\"fusion-column-wrapper fusion-flex-column-wrapper-legacy\"><div class=\"fusion-text fusion-text-1\"><h2><strong>Asesoramiento Hereditario<\/strong><\/h2>\n<\/div><div class=\"fusion-text fusion-text-2\"><p style=\"text-align: left;\"><img decoding=\"async\" class=\"alignleft wp-image-13295\" title=\"assesorament hereditari\" src=\"https:\/\/www.laramblaserveisfuneraris.com\/wp-content\/uploads\/2017\/04\/testamento.png\" alt=\"\" width=\"421\" height=\"236\" srcset=\"https:\/\/www.funerarialarambla.com\/wp-content\/uploads\/2017\/04\/testamento-200x112.png 200w, https:\/\/www.funerarialarambla.com\/wp-content\/uploads\/2017\/04\/testamento-300x168.png 300w, https:\/\/www.funerarialarambla.com\/wp-content\/uploads\/2017\/04\/testamento-350x196.png 350w, https:\/\/www.funerarialarambla.com\/wp-content\/uploads\/2017\/04\/testamento-400x224.png 400w, https:\/\/www.funerarialarambla.com\/wp-content\/uploads\/2017\/04\/testamento.png 482w\" sizes=\"(max-width: 421px) 100vw, 421px\" \/>La gesti\u00f3n de la herencia no es una cuesti\u00f3n f\u00e1cil. Es necesario obtener una copia aut\u00e9ntica de la herencia -si existe testamento previo- y en caso contrario que un notario realice la declaraci\u00f3n oficial de herederos; es necesario llevar a cabo la escritura de aceptaci\u00f3n de la herencia y liquidar los impuestos de sucesiones y la plusval\u00eda municipal, entre otros tr\u00e1mites. Nosotros podemos asesorarte y, si as\u00ed lo decides, realizar por ti todos los tr\u00e1mites y liquidaciones de impuestos para conseguir la mejor optimizaci\u00f3n fiscal y tributaria. En ese caso s\u00f3lo tendr\u00e1s que acudir al notario para firmar la documentaci\u00f3n. S\u00f3lo tienes que ponerte en contacto con nosotros, tanto si eres mutualista de La Previsi\u00f3, como si no.<\/p>\n<\/div><div class=\"fusion-clearfix\"><\/div><\/div><\/div><\/div><\/div><div class=\"fusion-fullwidth fullwidth-box fusion-builder-row-2 nonhundred-percent-fullwidth non-hundred-percent-height-scrolling\" style=\"--awb-border-radius-top-left:0px;--awb-border-radius-top-right:0px;--awb-border-radius-bottom-right:0px;--awb-border-radius-bottom-left:0px;--awb-padding-top:20px;--awb-padding-bottom:20px;--awb-flex-wrap:wrap;\" ><div class=\"fusion-builder-row fusion-row\"><div class=\"fusion-layout-column fusion_builder_column fusion-builder-column-1 fusion_builder_column_1_1 1_1 fusion-one-full fusion-column-first fusion-column-last\" style=\"--awb-padding-top:10px;--awb-padding-right:10px;--awb-padding-bottom:10px;--awb-padding-left:10px;--awb-bg-color:#efefef;--awb-bg-color-hover:#efefef;--awb-bg-size:cover;--awb-border-color:#00bcd4;--awb-border-top:1px;--awb-border-right:1px;--awb-border-bottom:1px;--awb-border-left:1px;--awb-border-style:solid;\"><div class=\"fusion-column-wrapper fusion-flex-column-wrapper-legacy\"><div class=\"fusion-text fusion-text-3\"><h5 style=\"text-align: center;\"><strong>P\u00f3ngase en contacto con nosotros en el tel\u00e9fono 900 373 952 y le informaremos. Estamos a tu lado. Te lo ponemos f\u00e1cil.<\/strong><\/h5>\n<\/div><div class=\"fusion-clearfix\"><\/div><\/div><\/div><\/div><\/div><\/p>\n","protected":false},"excerpt":{"rendered":"","protected":false},"author":5,"featured_media":0,"parent":0,"menu_order":0,"comment_status":"closed","ping_status":"closed","template":"","meta":{"footnotes":""},"class_list":["post-13145","page","type-page","status-publish","hentry"],"yoast_head":"<!-- This site is optimized with the Yoast SEO plugin v27.5 - https:\/\/yoast.com\/product\/yoast-seo-wordpress\/ -->\n<title>Asesoramiento Hereditario y Voluntades Anticipadas | La Rambla Serveis Funeraris<\/title>\n<meta name=\"description\" content=\"Ponemos a tu disposici\u00f3n nuestros expertos en asesoramiento hereditario y voluntades anticipadas. Te asesoramos y nos encargamos de tr\u00e1mites y gestiones\" \/>\n<meta name=\"robots\" content=\"index, follow, max-snippet:-1, max-image-preview:large, max-video-preview:-1\" \/>\n<link rel=\"canonical\" href=\"https:\/\/www.funerarialarambla.com\/assessorament-hereditari\/\" \/>\n<meta property=\"og:locale\" content=\"es_ES\" \/>\n<meta property=\"og:type\" content=\"article\" \/>\n<meta property=\"og:title\" content=\"Asesoramiento Hereditario y Voluntades Anticipadas | La Rambla Serveis Funeraris\" \/>\n<meta property=\"og:description\" content=\"Ponemos a tu disposici\u00f3n nuestros expertos en asesoramiento hereditario y voluntades anticipadas. Te asesoramos y nos encargamos de tr\u00e1mites y gestiones\" \/>\n<meta property=\"og:url\" content=\"https:\/\/www.funerarialarambla.com\/assessorament-hereditari\/\" \/>\n<meta property=\"og:site_name\" content=\"La Rambla Serveis Funeraris Terrassa\" \/>\n<meta property=\"article:modified_time\" content=\"2017-05-01T13:43:49+00:00\" \/>\n<meta property=\"og:image\" content=\"https:\/\/www.laramblaserveisfuneraris.com\/wp-content\/uploads\/2017\/04\/testamento.png\" \/>\n<meta name=\"twitter:card\" content=\"summary_large_image\" \/>\n<meta name=\"twitter:label1\" content=\"Tiempo de lectura\" \/>\n\t<meta name=\"twitter:data1\" content=\"2 minutos\" \/>\n<script type=\"application\/ld+json\" class=\"yoast-schema-graph\">{\"@context\":\"https:\\\/\\\/schema.org\",\"@graph\":[{\"@type\":\"WebPage\",\"@id\":\"https:\\\/\\\/www.funerarialarambla.com\\\/assessorament-hereditari\\\/\",\"url\":\"https:\\\/\\\/www.funerarialarambla.com\\\/assessorament-hereditari\\\/\",\"name\":\"Asesoramiento Hereditario y Voluntades Anticipadas | La Rambla Serveis Funeraris\",\"isPartOf\":{\"@id\":\"https:\\\/\\\/www.funerarialarambla.com\\\/#website\"},\"primaryImageOfPage\":{\"@id\":\"https:\\\/\\\/www.funerarialarambla.com\\\/assessorament-hereditari\\\/#primaryimage\"},\"image\":{\"@id\":\"https:\\\/\\\/www.funerarialarambla.com\\\/assessorament-hereditari\\\/#primaryimage\"},\"thumbnailUrl\":\"https:\\\/\\\/www.laramblaserveisfuneraris.com\\\/wp-content\\\/uploads\\\/2017\\\/04\\\/testamento.png\",\"datePublished\":\"2017-04-17T13:42:45+00:00\",\"dateModified\":\"2017-05-01T13:43:49+00:00\",\"description\":\"Ponemos a tu disposici\u00f3n nuestros expertos en asesoramiento hereditario y voluntades anticipadas. Te asesoramos y nos encargamos de tr\u00e1mites y gestiones\",\"breadcrumb\":{\"@id\":\"https:\\\/\\\/www.funerarialarambla.com\\\/assessorament-hereditari\\\/#breadcrumb\"},\"inLanguage\":\"es\",\"potentialAction\":[{\"@type\":\"ReadAction\",\"target\":[\"https:\\\/\\\/www.funerarialarambla.com\\\/assessorament-hereditari\\\/\"]}]},{\"@type\":\"ImageObject\",\"inLanguage\":\"es\",\"@id\":\"https:\\\/\\\/www.funerarialarambla.com\\\/assessorament-hereditari\\\/#primaryimage\",\"url\":\"https:\\\/\\\/www.laramblaserveisfuneraris.com\\\/wp-content\\\/uploads\\\/2017\\\/04\\\/testamento.png\",\"contentUrl\":\"https:\\\/\\\/www.laramblaserveisfuneraris.com\\\/wp-content\\\/uploads\\\/2017\\\/04\\\/testamento.png\"},{\"@type\":\"BreadcrumbList\",\"@id\":\"https:\\\/\\\/www.funerarialarambla.com\\\/assessorament-hereditari\\\/#breadcrumb\",\"itemListElement\":[{\"@type\":\"ListItem\",\"position\":1,\"name\":\"Portada\",\"item\":\"https:\\\/\\\/www.funerarialarambla.com\\\/es\\\/\"},{\"@type\":\"ListItem\",\"position\":2,\"name\":\"Asesoramiento Heriditario\"}]},{\"@type\":\"WebSite\",\"@id\":\"https:\\\/\\\/www.funerarialarambla.com\\\/#website\",\"url\":\"https:\\\/\\\/www.funerarialarambla.com\\\/\",\"name\":\"Funer\u00e0ria la Rambla Terrassa\",\"description\":\"La Rambla Serveis Funeraris Terrassa\",\"publisher\":{\"@id\":\"https:\\\/\\\/www.funerarialarambla.com\\\/#organization\"},\"potentialAction\":[{\"@type\":\"SearchAction\",\"target\":{\"@type\":\"EntryPoint\",\"urlTemplate\":\"https:\\\/\\\/www.funerarialarambla.com\\\/?s={search_term_string}\"},\"query-input\":{\"@type\":\"PropertyValueSpecification\",\"valueRequired\":true,\"valueName\":\"search_term_string\"}}],\"inLanguage\":\"es\"},{\"@type\":\"Organization\",\"@id\":\"https:\\\/\\\/www.funerarialarambla.com\\\/#organization\",\"name\":\"La Rambla Serveis Funeraris\",\"url\":\"https:\\\/\\\/www.funerarialarambla.com\\\/\",\"logo\":{\"@type\":\"ImageObject\",\"inLanguage\":\"es\",\"@id\":\"https:\\\/\\\/www.funerarialarambla.com\\\/#\\\/schema\\\/logo\\\/image\\\/\",\"url\":\"https:\\\/\\\/www.funerarialarambla.com\\\/wp-content\\\/uploads\\\/2017\\\/02\\\/Logo-mobile.png\",\"contentUrl\":\"https:\\\/\\\/www.funerarialarambla.com\\\/wp-content\\\/uploads\\\/2017\\\/02\\\/Logo-mobile.png\",\"width\":102,\"height\":38,\"caption\":\"La Rambla Serveis Funeraris\"},\"image\":{\"@id\":\"https:\\\/\\\/www.funerarialarambla.com\\\/#\\\/schema\\\/logo\\\/image\\\/\"}}]}<\/script>\n<!-- \/ Yoast SEO plugin. -->","yoast_head_json":{"title":"Asesoramiento Hereditario y Voluntades Anticipadas | La Rambla Serveis Funeraris","description":"Ponemos a tu disposici\u00f3n nuestros expertos en asesoramiento hereditario y voluntades anticipadas. Te asesoramos y nos encargamos de tr\u00e1mites y gestiones","robots":{"index":"index","follow":"follow","max-snippet":"max-snippet:-1","max-image-preview":"max-image-preview:large","max-video-preview":"max-video-preview:-1"},"canonical":"https:\/\/www.funerarialarambla.com\/assessorament-hereditari\/","og_locale":"es_ES","og_type":"article","og_title":"Asesoramiento Hereditario y Voluntades Anticipadas | La Rambla Serveis Funeraris","og_description":"Ponemos a tu disposici\u00f3n nuestros expertos en asesoramiento hereditario y voluntades anticipadas. Te asesoramos y nos encargamos de tr\u00e1mites y gestiones","og_url":"https:\/\/www.funerarialarambla.com\/assessorament-hereditari\/","og_site_name":"La Rambla Serveis Funeraris Terrassa","article_modified_time":"2017-05-01T13:43:49+00:00","og_image":[{"url":"https:\/\/www.laramblaserveisfuneraris.com\/wp-content\/uploads\/2017\/04\/testamento.png","type":"","width":"","height":""}],"twitter_card":"summary_large_image","twitter_misc":{"Tiempo de lectura":"2 minutos"},"schema":{"@context":"https:\/\/schema.org","@graph":[{"@type":"WebPage","@id":"https:\/\/www.funerarialarambla.com\/assessorament-hereditari\/","url":"https:\/\/www.funerarialarambla.com\/assessorament-hereditari\/","name":"Asesoramiento Hereditario y Voluntades Anticipadas | La Rambla Serveis Funeraris","isPartOf":{"@id":"https:\/\/www.funerarialarambla.com\/#website"},"primaryImageOfPage":{"@id":"https:\/\/www.funerarialarambla.com\/assessorament-hereditari\/#primaryimage"},"image":{"@id":"https:\/\/www.funerarialarambla.com\/assessorament-hereditari\/#primaryimage"},"thumbnailUrl":"https:\/\/www.laramblaserveisfuneraris.com\/wp-content\/uploads\/2017\/04\/testamento.png","datePublished":"2017-04-17T13:42:45+00:00","dateModified":"2017-05-01T13:43:49+00:00","description":"Ponemos a tu disposici\u00f3n nuestros expertos en asesoramiento hereditario y voluntades anticipadas. Te asesoramos y nos encargamos de tr\u00e1mites y gestiones","breadcrumb":{"@id":"https:\/\/www.funerarialarambla.com\/assessorament-hereditari\/#breadcrumb"},"inLanguage":"es","potentialAction":[{"@type":"ReadAction","target":["https:\/\/www.funerarialarambla.com\/assessorament-hereditari\/"]}]},{"@type":"ImageObject","inLanguage":"es","@id":"https:\/\/www.funerarialarambla.com\/assessorament-hereditari\/#primaryimage","url":"https:\/\/www.laramblaserveisfuneraris.com\/wp-content\/uploads\/2017\/04\/testamento.png","contentUrl":"https:\/\/www.laramblaserveisfuneraris.com\/wp-content\/uploads\/2017\/04\/testamento.png"},{"@type":"BreadcrumbList","@id":"https:\/\/www.funerarialarambla.com\/assessorament-hereditari\/#breadcrumb","itemListElement":[{"@type":"ListItem","position":1,"name":"Portada","item":"https:\/\/www.funerarialarambla.com\/es\/"},{"@type":"ListItem","position":2,"name":"Asesoramiento Heriditario"}]},{"@type":"WebSite","@id":"https:\/\/www.funerarialarambla.com\/#website","url":"https:\/\/www.funerarialarambla.com\/","name":"Funer\u00e0ria la Rambla Terrassa","description":"La Rambla Serveis Funeraris Terrassa","publisher":{"@id":"https:\/\/www.funerarialarambla.com\/#organization"},"potentialAction":[{"@type":"SearchAction","target":{"@type":"EntryPoint","urlTemplate":"https:\/\/www.funerarialarambla.com\/?s={search_term_string}"},"query-input":{"@type":"PropertyValueSpecification","valueRequired":true,"valueName":"search_term_string"}}],"inLanguage":"es"},{"@type":"Organization","@id":"https:\/\/www.funerarialarambla.com\/#organization","name":"La Rambla Serveis Funeraris","url":"https:\/\/www.funerarialarambla.com\/","logo":{"@type":"ImageObject","inLanguage":"es","@id":"https:\/\/www.funerarialarambla.com\/#\/schema\/logo\/image\/","url":"https:\/\/www.funerarialarambla.com\/wp-content\/uploads\/2017\/02\/Logo-mobile.png","contentUrl":"https:\/\/www.funerarialarambla.com\/wp-content\/uploads\/2017\/02\/Logo-mobile.png","width":102,"height":38,"caption":"La Rambla Serveis Funeraris"},"image":{"@id":"https:\/\/www.funerarialarambla.com\/#\/schema\/logo\/image\/"}}]}},"_links":{"self":[{"href":"https:\/\/www.funerarialarambla.com\/es\/wp-json\/wp\/v2\/pages\/13145","targetHints":{"allow":["GET"]}}],"collection":[{"href":"https:\/\/www.funerarialarambla.com\/es\/wp-json\/wp\/v2\/pages"}],"about":[{"href":"https:\/\/www.funerarialarambla.com\/es\/wp-json\/wp\/v2\/types\/page"}],"author":[{"embeddable":true,"href":"https:\/\/www.funerarialarambla.com\/es\/wp-json\/wp\/v2\/users\/5"}],"replies":[{"embeddable":true,"href":"https:\/\/www.funerarialarambla.com\/es\/wp-json\/wp\/v2\/comments?post=13145"}],"version-history":[{"count":5,"href":"https:\/\/www.funerarialarambla.com\/es\/wp-json\/wp\/v2\/pages\/13145\/revisions"}],"predecessor-version":[{"id":13873,"href":"https:\/\/www.funerarialarambla.com\/es\/wp-json\/wp\/v2\/pages\/13145\/revisions\/13873"}],"wp:attachment":[{"href":"https:\/\/www.funerarialarambla.com\/es\/wp-json\/wp\/v2\/media?parent=13145"}],"curies":[{"name":"wp","href":"https:\/\/api.w.org\/{rel}","templated":true}]}}