{"id":11812,"date":"2017-02-10T20:46:58","date_gmt":"2017-02-10T20:46:58","guid":{"rendered":"http:\/\/www.serveisfuneraristerrassa.com\/?page_id=11812\/"},"modified":"2023-05-10T10:09:07","modified_gmt":"2023-05-10T10:09:07","slug":"quienes-somos","status":"publish","type":"page","link":"https:\/\/www.funerarialarambla.com\/es\/quienes-somos\/","title":{"rendered":"\u00bfQui\u00e9nes Somos?"},"content":{"rendered":"<p><div class=\"fusion-fullwidth fullwidth-box fusion-builder-row-1 nonhundred-percent-fullwidth non-hundred-percent-height-scrolling\" style=\"--awb-border-radius-top-left:0px;--awb-border-radius-top-right:0px;--awb-border-radius-bottom-right:0px;--awb-border-radius-bottom-left:0px;--awb-padding-top:20px;--awb-padding-bottom:0px;--awb-flex-wrap:wrap;\" ><div class=\"fusion-builder-row fusion-row\"><div class=\"fusion-layout-column fusion_builder_column fusion-builder-column-0 fusion_builder_column_1_5 1_5 fusion-one-fifth fusion-column-first\" style=\"--awb-bg-size:cover;width:20%;width:calc(20% - ( ( 4% ) * 0.2 ) );margin-right: 4%;\"><div class=\"fusion-column-wrapper fusion-flex-column-wrapper-legacy\"><div class=\"fusion-image-element fusion-image-align-center in-legacy-container\" style=\"text-align:center;--awb-caption-title-font-family:var(--h2_typography-font-family);--awb-caption-title-font-weight:var(--h2_typography-font-weight);--awb-caption-title-font-style:var(--h2_typography-font-style);--awb-caption-title-size:var(--h2_typography-font-size);--awb-caption-title-transform:var(--h2_typography-text-transform);--awb-caption-title-line-height:var(--h2_typography-line-height);--awb-caption-title-letter-spacing:var(--h2_typography-letter-spacing);\"><div class=\"imageframe-align-center\"><span class=\" fusion-imageframe imageframe-none imageframe-1 hover-type-none\"><img decoding=\"async\" width=\"72\" height=\"83\" title=\"Icono-color-sll\" src=\"https:\/\/www.laramblaserveisfuneraris.com\/wp-content\/uploads\/2017\/02\/Icono-color-sll-1.png\" alt class=\"img-responsive wp-image-12220\"\/><\/span><\/div><\/div><div class=\"fusion-image-element fusion-image-align-center in-legacy-container\" style=\"text-align:center;--awb-caption-title-font-family:var(--h2_typography-font-family);--awb-caption-title-font-weight:var(--h2_typography-font-weight);--awb-caption-title-font-style:var(--h2_typography-font-style);--awb-caption-title-size:var(--h2_typography-font-size);--awb-caption-title-transform:var(--h2_typography-text-transform);--awb-caption-title-line-height:var(--h2_typography-line-height);--awb-caption-title-letter-spacing:var(--h2_typography-letter-spacing);\"><div class=\"imageframe-align-center\"><span class=\" fusion-imageframe imageframe-none imageframe-2 hover-type-none\"><img decoding=\"async\" width=\"260\" height=\"72\" title=\"Logocolor-fonstrans-big\" src=\"https:\/\/www.laramblaserveisfuneraris.com\/wp-content\/uploads\/2017\/02\/Logocolor-fonstrans-big-2.png\" alt class=\"img-responsive wp-image-12229\" srcset=\"https:\/\/www.funerarialarambla.com\/wp-content\/uploads\/2017\/02\/Logocolor-fonstrans-big-2-200x55.png 200w, https:\/\/www.funerarialarambla.com\/wp-content\/uploads\/2017\/02\/Logocolor-fonstrans-big-2.png 260w\" sizes=\"(max-width: 800px) 100vw, 260px\" \/><\/span><\/div><\/div><div class=\"fusion-clearfix\"><\/div><\/div><\/div><div class=\"fusion-layout-column fusion_builder_column fusion-builder-column-1 fusion_builder_column_4_5 4_5 fusion-four-fifth fusion-column-last\" style=\"--awb-bg-size:cover;width:80%;width:calc(80% - ( ( 4% ) * 0.8 ) );\"><div class=\"fusion-column-wrapper fusion-flex-column-wrapper-legacy\"><div class=\"fusion-text fusion-text-1\"><h4><strong>La Rambla <em>-Serveis Funeraris-<\/em>\u00a0<\/strong><\/h4>\n<p>Somos un servicio de <a href=\"http:\/\/www.laprevisio.cat\" target=\"_blank\" rel=\"noopener noreferrer\">La Previsi\u00f3<\/a> para sus mutualistas y abierto a todos los terrassenses y ciudadanos del Vall\u00e8s, que acompa\u00f1a a las familias desde el momento de la defunci\u00f3n hasta la resoluci\u00f3n del \u00faltimo tr\u00e1mite necesario. Ofrecemos un servicio integral antes, durante el momento de la defunci\u00f3n, y despu\u00e9s de \u00e9sta, con la profesionalidad que supone m\u00e1s de cien a\u00f1os de experiencia como una mutualidad de la que hoy forman parte casi 20.000 personas.<\/p>\n<p>Ofrecemos unas instalaciones modernas, amplias y luminosas en el centro de la ciudad -Rambleta del Pare Alegre, 2- con tres salas velatorio y una sala para celebrar ceremonias religiosas y laicas.<\/p>\n<h3 style=\"text-align: center;\"><\/h3>\n<\/div><div class=\"fusion-text fusion-text-2\"><h4><a href=\"https:\/\/www.laramblaserveisfuneraris.com\/es\/instalaciones\/\"><strong>Galer\u00eda fotogr\u00e1fica de\u00a0nuestras instalaciones &gt;<\/strong><\/a><\/h4>\n<\/div><div class=\"fusion-clearfix\"><\/div><\/div><\/div><\/div><\/div><div class=\"fusion-fullwidth fullwidth-box fusion-builder-row-2 nonhundred-percent-fullwidth non-hundred-percent-height-scrolling\" style=\"--awb-border-radius-top-left:0px;--awb-border-radius-top-right:0px;--awb-border-radius-bottom-right:0px;--awb-border-radius-bottom-left:0px;--awb-padding-top:10px;--awb-padding-bottom:20px;--awb-flex-wrap:wrap;\" ><div class=\"fusion-builder-row fusion-row\"><div class=\"fusion-layout-column fusion_builder_column fusion-builder-column-2 fusion_builder_column_1_5 1_5 fusion-one-fifth fusion-column-first\" style=\"--awb-bg-size:cover;width:20%;width:calc(20% - ( ( 4% ) * 0.2 ) );margin-right: 4%;\"><div class=\"fusion-column-wrapper fusion-flex-column-wrapper-legacy\"><div class=\"fusion-clearfix\"><\/div><\/div><\/div><div class=\"fusion-layout-column fusion_builder_column fusion-builder-column-3 fusion_builder_column_2_5 2_5 fusion-two-fifth fusion-column-last\" style=\"--awb-bg-size:cover;width:40%;width:calc(40% - ( ( 4% ) * 0.4 ) );\"><div class=\"fusion-column-wrapper fusion-flex-column-wrapper-legacy\"><div class=\"fusion-title title fusion-title-1 fusion-title-text fusion-title-size-one\"><h1 class=\"fusion-title-heading title-heading-left fusion-responsive-typography-calculated\" style=\"margin:0;--fontSize:28;line-height:1.41;\"><h3><a href=\"https:\/\/www.laramblaserveisfuneraris.com\/es\/historia-de-la-entidad\/\"><strong>Historia de la Entidad<\/strong><\/a><\/h3><\/h1><span class=\"awb-title-spacer\"><\/span><div class=\"title-sep-container\"><div class=\"title-sep sep-double sep-solid\" style=\"border-color:#e0dede;\"><\/div><\/div><\/div><div class=\"fusion-image-carousel fusion-image-carousel-auto fusion-image-carousel-1\"><div class=\"awb-carousel awb-swiper awb-swiper-carousel awb-carousel--carousel awb-swiper-dots-position-bottom\" data-layout=\"carousel\" data-autoplay=\"yes\" data-autoplayspeed=\"2500\" data-autoplaypause=\"no\" data-columns=\"1\" data-columnsmedium=\"1\" data-columnssmall=\"1\" data-itemmargin=\"0\" data-itemwidth=\"180\" data-touchscroll=\"no\" data-freemode=\"no\" data-imagesize=\"auto\" data-scrollitems=\"0\" data-centeredslides=\"no\" data-rotationangle=\"50\" data-depth=\"100\" data-speed=\"500\" data-shadow=\"no\" data-pagination=\"bullets\" style=\"--awb-columns:1;--awb-column-spacing:0px;\"><div class=\"swiper-wrapper awb-image-carousel-wrapper fusion-flex-align-items-center\"><div class=\"swiper-slide\"><div class=\"fusion-carousel-item-wrapper\"><div class=\"fusion-image-wrapper hover-type-none\"><img decoding=\"async\" width=\"614\" height=\"400\" src=\"https:\/\/www.funerarialarambla.com\/wp-content\/uploads\/2017\/02\/Historia-LP.png\" class=\"attachment-full size-full\" alt=\"\" srcset=\"https:\/\/www.funerarialarambla.com\/wp-content\/uploads\/2017\/02\/Historia-LP-200x130.png 200w, https:\/\/www.funerarialarambla.com\/wp-content\/uploads\/2017\/02\/Historia-LP-300x195.png 300w, https:\/\/www.funerarialarambla.com\/wp-content\/uploads\/2017\/02\/Historia-LP-350x228.png 350w, https:\/\/www.funerarialarambla.com\/wp-content\/uploads\/2017\/02\/Historia-LP-400x261.png 400w, https:\/\/www.funerarialarambla.com\/wp-content\/uploads\/2017\/02\/Historia-LP-600x391.png 600w, https:\/\/www.funerarialarambla.com\/wp-content\/uploads\/2017\/02\/Historia-LP.png 614w\" sizes=\"(max-width: 614px) 100vw, 614px\" \/><\/div><\/div><\/div><div class=\"swiper-slide\"><div class=\"fusion-carousel-item-wrapper\"><div class=\"fusion-image-wrapper hover-type-none\"><img decoding=\"async\" width=\"614\" height=\"400\" src=\"https:\/\/www.funerarialarambla.com\/wp-content\/uploads\/2017\/02\/JuntaLP.png\" class=\"attachment-full size-full\" alt=\"\" srcset=\"https:\/\/www.funerarialarambla.com\/wp-content\/uploads\/2017\/02\/JuntaLP-150x98.png 150w, https:\/\/www.funerarialarambla.com\/wp-content\/uploads\/2017\/02\/JuntaLP-200x130.png 200w, https:\/\/www.funerarialarambla.com\/wp-content\/uploads\/2017\/02\/JuntaLP-300x195.png 300w, https:\/\/www.funerarialarambla.com\/wp-content\/uploads\/2017\/02\/JuntaLP-350x228.png 350w, https:\/\/www.funerarialarambla.com\/wp-content\/uploads\/2017\/02\/JuntaLP-400x261.png 400w, https:\/\/www.funerarialarambla.com\/wp-content\/uploads\/2017\/02\/JuntaLP-600x391.png 600w, https:\/\/www.funerarialarambla.com\/wp-content\/uploads\/2017\/02\/JuntaLP.png 614w\" sizes=\"(max-width: 614px) 100vw, 614px\" \/><\/div><\/div><\/div><\/div><div class=\"awb-swiper-button awb-swiper-button-prev\"><i class=\"awb-icon-angle-left\" aria-hidden=\"true\"><\/i><\/div><div class=\"awb-swiper-button awb-swiper-button-next\"><i class=\"awb-icon-angle-right\" aria-hidden=\"true\"><\/i><\/div><\/div><\/div><div class=\"fusion-clearfix\"><\/div><\/div><\/div><\/div><\/div><\/p>\n","protected":false},"excerpt":{"rendered":"","protected":false},"author":5,"featured_media":0,"parent":0,"menu_order":0,"comment_status":"closed","ping_status":"closed","template":"","meta":{"footnotes":""},"class_list":["post-11812","page","type-page","status-publish","hentry"],"yoast_head":"<!-- This site is optimized with the Yoast SEO plugin v26.8 - https:\/\/yoast.com\/product\/yoast-seo-wordpress\/ -->\n<title>Qui\u00e9nes Somos | La Rambla Serveis Funeraris Terrassa<\/title>\n<meta name=\"description\" content=\"Te invitamos a conocer quienes somos: La Rambla Serveis Funeraris es el nuevo velatorio situado en el coraz\u00f3n de la ciudad de Terrassa\" \/>\n<meta name=\"robots\" content=\"index, follow, max-snippet:-1, max-image-preview:large, max-video-preview:-1\" \/>\n<link rel=\"canonical\" href=\"https:\/\/www.funerarialarambla.com\/es\/quienes-somos\/\" \/>\n<meta property=\"og:locale\" content=\"es_ES\" \/>\n<meta property=\"og:type\" content=\"article\" \/>\n<meta property=\"og:title\" content=\"Qui\u00e9nes Somos | La Rambla Serveis Funeraris Terrassa\" \/>\n<meta property=\"og:description\" content=\"Te invitamos a conocer quienes somos: La Rambla Serveis Funeraris es el nuevo velatorio situado en el coraz\u00f3n de la ciudad de Terrassa\" \/>\n<meta property=\"og:url\" content=\"https:\/\/www.funerarialarambla.com\/es\/quienes-somos\/\" \/>\n<meta property=\"og:site_name\" content=\"La Rambla Serveis Funeraris Terrassa\" \/>\n<meta property=\"article:modified_time\" content=\"2023-05-10T10:09:07+00:00\" \/>\n<meta name=\"twitter:card\" content=\"summary_large_image\" \/>\n<meta name=\"twitter:label1\" content=\"Tiempo de lectura\" \/>\n\t<meta name=\"twitter:data1\" content=\"2 minutos\" \/>\n<script type=\"application\/ld+json\" class=\"yoast-schema-graph\">{\"@context\":\"https:\/\/schema.org\",\"@graph\":[{\"@type\":\"WebPage\",\"@id\":\"https:\/\/www.funerarialarambla.com\/es\/quienes-somos\/\",\"url\":\"https:\/\/www.funerarialarambla.com\/es\/quienes-somos\/\",\"name\":\"Qui\u00e9nes Somos | La Rambla Serveis Funeraris Terrassa\",\"isPartOf\":{\"@id\":\"https:\/\/www.funerarialarambla.com\/#website\"},\"datePublished\":\"2017-02-10T20:46:58+00:00\",\"dateModified\":\"2023-05-10T10:09:07+00:00\",\"description\":\"Te invitamos a conocer quienes somos: La Rambla Serveis Funeraris es el nuevo velatorio situado en el coraz\u00f3n de la ciudad de Terrassa\",\"breadcrumb\":{\"@id\":\"https:\/\/www.funerarialarambla.com\/es\/quienes-somos\/#breadcrumb\"},\"inLanguage\":\"es\",\"potentialAction\":[{\"@type\":\"ReadAction\",\"target\":[\"https:\/\/www.funerarialarambla.com\/es\/quienes-somos\/\"]}]},{\"@type\":\"BreadcrumbList\",\"@id\":\"https:\/\/www.funerarialarambla.com\/es\/quienes-somos\/#breadcrumb\",\"itemListElement\":[{\"@type\":\"ListItem\",\"position\":1,\"name\":\"Portada\",\"item\":\"https:\/\/www.funerarialarambla.com\/es\/\"},{\"@type\":\"ListItem\",\"position\":2,\"name\":\"\u00bfQui\u00e9nes Somos?\"}]},{\"@type\":\"WebSite\",\"@id\":\"https:\/\/www.funerarialarambla.com\/#website\",\"url\":\"https:\/\/www.funerarialarambla.com\/\",\"name\":\"Funer\u00e0ria la Rambla Terrassa\",\"description\":\"La Rambla Serveis Funeraris Terrassa\",\"publisher\":{\"@id\":\"https:\/\/www.funerarialarambla.com\/#organization\"},\"potentialAction\":[{\"@type\":\"SearchAction\",\"target\":{\"@type\":\"EntryPoint\",\"urlTemplate\":\"https:\/\/www.funerarialarambla.com\/?s={search_term_string}\"},\"query-input\":{\"@type\":\"PropertyValueSpecification\",\"valueRequired\":true,\"valueName\":\"search_term_string\"}}],\"inLanguage\":\"es\"},{\"@type\":\"Organization\",\"@id\":\"https:\/\/www.funerarialarambla.com\/#organization\",\"name\":\"La Rambla Serveis Funeraris\",\"url\":\"https:\/\/www.funerarialarambla.com\/\",\"logo\":{\"@type\":\"ImageObject\",\"inLanguage\":\"es\",\"@id\":\"https:\/\/www.funerarialarambla.com\/#\/schema\/logo\/image\/\",\"url\":\"https:\/\/www.funerarialarambla.com\/wp-content\/uploads\/2017\/02\/Logo-mobile.png\",\"contentUrl\":\"https:\/\/www.funerarialarambla.com\/wp-content\/uploads\/2017\/02\/Logo-mobile.png\",\"width\":102,\"height\":38,\"caption\":\"La Rambla Serveis Funeraris\"},\"image\":{\"@id\":\"https:\/\/www.funerarialarambla.com\/#\/schema\/logo\/image\/\"}}]}<\/script>\n<!-- \/ Yoast SEO plugin. -->","yoast_head_json":{"title":"Qui\u00e9nes Somos | La Rambla Serveis Funeraris Terrassa","description":"Te invitamos a conocer quienes somos: La Rambla Serveis Funeraris es el nuevo velatorio situado en el coraz\u00f3n de la ciudad de Terrassa","robots":{"index":"index","follow":"follow","max-snippet":"max-snippet:-1","max-image-preview":"max-image-preview:large","max-video-preview":"max-video-preview:-1"},"canonical":"https:\/\/www.funerarialarambla.com\/es\/quienes-somos\/","og_locale":"es_ES","og_type":"article","og_title":"Qui\u00e9nes Somos | La Rambla Serveis Funeraris Terrassa","og_description":"Te invitamos a conocer quienes somos: La Rambla Serveis Funeraris es el nuevo velatorio situado en el coraz\u00f3n de la ciudad de Terrassa","og_url":"https:\/\/www.funerarialarambla.com\/es\/quienes-somos\/","og_site_name":"La Rambla Serveis Funeraris Terrassa","article_modified_time":"2023-05-10T10:09:07+00:00","twitter_card":"summary_large_image","twitter_misc":{"Tiempo de lectura":"2 minutos"},"schema":{"@context":"https:\/\/schema.org","@graph":[{"@type":"WebPage","@id":"https:\/\/www.funerarialarambla.com\/es\/quienes-somos\/","url":"https:\/\/www.funerarialarambla.com\/es\/quienes-somos\/","name":"Qui\u00e9nes Somos | La Rambla Serveis Funeraris Terrassa","isPartOf":{"@id":"https:\/\/www.funerarialarambla.com\/#website"},"datePublished":"2017-02-10T20:46:58+00:00","dateModified":"2023-05-10T10:09:07+00:00","description":"Te invitamos a conocer quienes somos: La Rambla Serveis Funeraris es el nuevo velatorio situado en el coraz\u00f3n de la ciudad de Terrassa","breadcrumb":{"@id":"https:\/\/www.funerarialarambla.com\/es\/quienes-somos\/#breadcrumb"},"inLanguage":"es","potentialAction":[{"@type":"ReadAction","target":["https:\/\/www.funerarialarambla.com\/es\/quienes-somos\/"]}]},{"@type":"BreadcrumbList","@id":"https:\/\/www.funerarialarambla.com\/es\/quienes-somos\/#breadcrumb","itemListElement":[{"@type":"ListItem","position":1,"name":"Portada","item":"https:\/\/www.funerarialarambla.com\/es\/"},{"@type":"ListItem","position":2,"name":"\u00bfQui\u00e9nes Somos?"}]},{"@type":"WebSite","@id":"https:\/\/www.funerarialarambla.com\/#website","url":"https:\/\/www.funerarialarambla.com\/","name":"Funer\u00e0ria la Rambla Terrassa","description":"La Rambla Serveis Funeraris Terrassa","publisher":{"@id":"https:\/\/www.funerarialarambla.com\/#organization"},"potentialAction":[{"@type":"SearchAction","target":{"@type":"EntryPoint","urlTemplate":"https:\/\/www.funerarialarambla.com\/?s={search_term_string}"},"query-input":{"@type":"PropertyValueSpecification","valueRequired":true,"valueName":"search_term_string"}}],"inLanguage":"es"},{"@type":"Organization","@id":"https:\/\/www.funerarialarambla.com\/#organization","name":"La Rambla Serveis Funeraris","url":"https:\/\/www.funerarialarambla.com\/","logo":{"@type":"ImageObject","inLanguage":"es","@id":"https:\/\/www.funerarialarambla.com\/#\/schema\/logo\/image\/","url":"https:\/\/www.funerarialarambla.com\/wp-content\/uploads\/2017\/02\/Logo-mobile.png","contentUrl":"https:\/\/www.funerarialarambla.com\/wp-content\/uploads\/2017\/02\/Logo-mobile.png","width":102,"height":38,"caption":"La Rambla Serveis Funeraris"},"image":{"@id":"https:\/\/www.funerarialarambla.com\/#\/schema\/logo\/image\/"}}]}},"_links":{"self":[{"href":"https:\/\/www.funerarialarambla.com\/es\/wp-json\/wp\/v2\/pages\/11812","targetHints":{"allow":["GET"]}}],"collection":[{"href":"https:\/\/www.funerarialarambla.com\/es\/wp-json\/wp\/v2\/pages"}],"about":[{"href":"https:\/\/www.funerarialarambla.com\/es\/wp-json\/wp\/v2\/types\/page"}],"author":[{"embeddable":true,"href":"https:\/\/www.funerarialarambla.com\/es\/wp-json\/wp\/v2\/users\/5"}],"replies":[{"embeddable":true,"href":"https:\/\/www.funerarialarambla.com\/es\/wp-json\/wp\/v2\/comments?post=11812"}],"version-history":[{"count":5,"href":"https:\/\/www.funerarialarambla.com\/es\/wp-json\/wp\/v2\/pages\/11812\/revisions"}],"predecessor-version":[{"id":23171,"href":"https:\/\/www.funerarialarambla.com\/es\/wp-json\/wp\/v2\/pages\/11812\/revisions\/23171"}],"wp:attachment":[{"href":"https:\/\/www.funerarialarambla.com\/es\/wp-json\/wp\/v2\/media?parent=11812"}],"curies":[{"name":"wp","href":"https:\/\/api.w.org\/{rel}","templated":true}]}}